{"id":192,"date":"2012-02-28T08:30:12","date_gmt":"2012-02-28T13:30:12","guid":{"rendered":"http:\/\/aimta922ca.wordpress.com\/?page_id=192"},"modified":"2021-04-26T10:14:33","modified_gmt":"2021-04-26T14:14:33","slug":"un-syndicat-cest","status":"publish","type":"page","link":"http:\/\/aimta922.ca\/?page_id=192","title":{"rendered":"Pourquoi se syndiquer"},"content":{"rendered":"<table>\n<tbody>\n<tr>\n<td>\n<div>\n<h1><span style=\"color: #930e00;\">La valeur d&rsquo;un emploi syndiqu\u00e9<\/span><\/h1>\n<div>\n<div>Parce que leurs conditions de travail sont meilleures, les syndiqu\u00e9s restent plus longtemps chez le m\u00eame employeur. Pr\u00e8s d&rsquo;un syndiqu\u00e9 sur deux a plus de dix ann\u00e9es de service chez le m\u00eame employeur. Chez les non-syndiqu\u00e9s, ce n&rsquo;est qu&rsquo;un sur cinq.<\/div>\n<\/div>\n<div>Un syndicat, c&rsquo;est un moyen de se regrouper pour parler d&rsquo;une m\u00eame voix. Se syndiquer, c&rsquo;est briser l&rsquo;isolement pour faire respecter nos droits et r\u00e9gler les probl\u00e8mes reli\u00e9s au travail.<\/div>\n<div>\nFaire partie d&rsquo;un syndicat c&rsquo;est<\/div>\n<div>\n<ul>\n<li>Se faire respecter;<\/li>\n<li>Am\u00e9liorer nos conditions de travail, notre qualit\u00e9 de vie et celle de nos familles;<\/li>\n<li>Se donner des moyens, comme la proc\u00e9dure de griefs, qui permettent de se d\u00e9fendre contre des injustices (cong\u00e9diements, discrimination, harc\u00e8lement et violence);<\/li>\n<li>Mettre fin au favoritisme et aux passe-droits;<\/li>\n<li>Profiter d&rsquo;une meilleure s\u00e9curit\u00e9 d&#8217;emploi et faire respecter notre anciennet\u00e9 (nombre d&rsquo;ann\u00e9es de service) au moment des promotions, du choix des horaires et des vacances, des mises \u00e0 pied et des rappels au travail;<\/li>\n<li>Faire obstacle \u00e0 la pr\u00e9carit\u00e9 qui frappe plus particuli\u00e8rement les jeunes et les femmes.<\/li>\n<li>S&rsquo;assurer de conditions de travail plus s\u00e9curitaires, plus \u00e9quitables et plus humaines en faisant respecter les lois sur la sant\u00e9 et la s\u00e9curit\u00e9 du travail, l&rsquo;\u00e9quit\u00e9 en emploi et l&rsquo;\u00e9quit\u00e9 salariale, etc.<\/li>\n<li>Recevoir de meilleurs salaire, maintenir et am\u00e9liorer notre niveau de vie;<\/li>\n<li>Avoir droit \u00e0 des vacances am\u00e9lior\u00e9es, des cong\u00e9s sp\u00e9ciaux pour la maladie, la maternit\u00e9 et les responsabilit\u00e9s parentales, un r\u00e9gime d&rsquo;assurances collectives (m\u00e9dicaments, soins dentaires, accidents, maladie) et un r\u00e9gime de retraite.<\/li>\n<\/ul>\n<\/div>\n<blockquote><p>LES PERSONNES SYNDIQU\u00c9ES ONT CINQ FOIS PLUS DE CHANCES D&rsquo;AVOIR ACC\u00c8S \u00c0 UN R\u00c9GIME DE RETRAITE ET DEUX FOIS PLUS \u00c0 DES R\u00c9GIMES D&rsquo;ASSURANCE (SOINS DE SANT\u00c9, SOINS DENTAIRES, VIE\/INVALIDIT\u00c9) QUE LES PERSONNES NON SYNDIQU\u00c9ES. (STATISTIQUE CANADA, ENQU\u00caTE SUR LA DYNAMIQUE DU TRAVAIL ET DU REVENU 2000 DANS MARSHALL\u00a0KATHERINE, LES AVANTAGES DE L&rsquo;EMPLOI, L&rsquo;EMPLOI ET LE REVENU EN PERSPECTIVE,2003)<\/p><\/blockquote>\n<blockquote><p>En 2020, le salaire horaire moyen d&rsquo;une personne syndiqu\u00e9e \u00e9tait de 32,69$, compar\u00e9 \u00e0 28,08 $ pour une personne non syndiqu\u00e9e au Canada.(<a href=\"https:\/\/www150.statcan.gc.ca\/t1\/tbl1\/fr\/tv.action?pid=1410013401\">Tableau\u00a014-10-0134-01\u00a0 Salaire hebdomadaire moyen, taux de salaire horaire et heures habituelles hebdomadaires moyennes selon la situation syndicale, donn\u00e9es annuelles<\/a>)<\/p><\/blockquote>\n<p align=\"center\">Parce que vous aussi, vous y avez droit!<br \/>\nSE SYNDIQUER, C\u2019EST S\u2019ORGANISER POUR SE FAIRE RESPECTER<br \/>\nPlus de 1,2 million de travailleuses et de travailleurs qu\u00e9b\u00e9cois ont exerc\u00e9 leur droit de se syndiquer. Pourquoi pas vous?<\/p>\n<div align=\"center\"><a title=\"Un syndicat\u00a0c\u2019est\u2026Suite\" href=\"http:\/\/aimta922.ca\/se-syndiquer\/un-syndicat-cest-suite\/\"><strong><span style=\"color: #000071; font-size: medium;\">Un syndicat c&rsquo;est&#8230;suite<\/span><\/strong><\/a><\/div>\n<p align=\"center\"><span style=\"color: #930e00;\">Vous pouvez aussi nous contacter en toute confidentialit\u00e9<\/span><\/p>\n<p align=\"center\"><span style=\"color: #930e00;\">819-822-3103<\/span><\/p>\n<\/div>\n<\/td>\n<\/tr>\n<\/tbody>\n<\/table>\n","protected":false},"excerpt":{"rendered":"<p>La valeur d&rsquo;un emploi syndiqu\u00e9 Parce que leurs conditions de travail sont meilleures, les syndiqu\u00e9s restent plus longtemps chez le m\u00eame employeur. Pr\u00e8s d&rsquo;un syndiqu\u00e9 sur deux a plus de dix ann\u00e9es de service chez le m\u00eame employeur. Chez les non-syndiqu\u00e9s, ce n&rsquo;est qu&rsquo;un sur cinq. Un syndicat, c&rsquo;est un moyen de se regrouper pour &hellip; <\/p>\n<p><a class=\"more-link btn\" href=\"http:\/\/aimta922.ca\/?page_id=192\">Continue reading<\/a><\/p>\n","protected":false},"author":2,"featured_media":309,"parent":187,"menu_order":0,"comment_status":"closed","ping_status":"closed","template":"","meta":[],"_links":{"self":[{"href":"http:\/\/aimta922.ca\/index.php?rest_route=\/wp\/v2\/pages\/192"}],"collection":[{"href":"http:\/\/aimta922.ca\/index.php?rest_route=\/wp\/v2\/pages"}],"about":[{"href":"http:\/\/aimta922.ca\/index.php?rest_route=\/wp\/v2\/types\/page"}],"author":[{"embeddable":true,"href":"http:\/\/aimta922.ca\/index.php?rest_route=\/wp\/v2\/users\/2"}],"replies":[{"embeddable":true,"href":"http:\/\/aimta922.ca\/index.php?rest_route=%2Fwp%2Fv2%2Fcomments&post=192"}],"version-history":[{"count":2,"href":"http:\/\/aimta922.ca\/index.php?rest_route=\/wp\/v2\/pages\/192\/revisions"}],"predecessor-version":[{"id":3235,"href":"http:\/\/aimta922.ca\/index.php?rest_route=\/wp\/v2\/pages\/192\/revisions\/3235"}],"up":[{"embeddable":true,"href":"http:\/\/aimta922.ca\/index.php?rest_route=\/wp\/v2\/pages\/187"}],"wp:featuredmedia":[{"embeddable":true,"href":"http:\/\/aimta922.ca\/index.php?rest_route=\/wp\/v2\/media\/309"}],"wp:attachment":[{"href":"http:\/\/aimta922.ca\/index.php?rest_route=%2Fwp%2Fv2%2Fmedia&parent=192"}],"curies":[{"name":"wp","href":"https:\/\/api.w.org\/{rel}","templated":true}]}}