{"id":231,"date":"2012-02-28T09:29:13","date_gmt":"2012-02-28T14:29:13","guid":{"rendered":"http:\/\/aimta922ca.wordpress.com\/?page_id=231"},"modified":"2020-05-13T14:09:52","modified_gmt":"2020-05-13T18:09:52","slug":"services-aux-membres","status":"publish","type":"page","link":"http:\/\/aimta922.ca\/?page_id=231","title":{"rendered":"Services aux membres"},"content":{"rendered":"<div align=\"center\">\n<h2 style=\"text-align: left;\"><img loading=\"lazy\" class=\"alignnone  wp-image-2951\" src=\"https:\/\/aimta922.ca\/wp-content\/uploads\/2018\/07\/IAM_Union_Future_f-300x187.png\" alt=\"\" width=\"204\" height=\"127\" srcset=\"http:\/\/aimta922.ca\/wp-content\/uploads\/2018\/07\/IAM_Union_Future_f-300x187.png 300w, http:\/\/aimta922.ca\/wp-content\/uploads\/2018\/07\/IAM_Union_Future_f-768x479.png 768w, http:\/\/aimta922.ca\/wp-content\/uploads\/2018\/07\/IAM_Union_Future_f.png 883w\" sizes=\"(max-width: 204px) 100vw, 204px\" \/><\/h2>\n<h2><strong><span style=\"color: #000071; font-size: medium;\">Sant\u00e9 et s\u00e9curit\u00e9, formation, comit\u00e9 des jeunes, conventions collectives et plus&#8230;<\/span><\/strong><\/h2>\n<\/div>\n<div align=\"center\"><\/div>\n<div><span style=\"color: #404040; font-size: medium;\">La section locale 922 du Syndicat des Machinistes offre \u00e0 tous ses membres une gamme compl\u00e8te et professionnelle de services syndicaux et <\/span><span style=\"color: #404040; font-size: medium;\">sociaux. Nous sommes \u00e0 l&rsquo;\u00e9coute des besoins de nos membres et de la communaut\u00e9. N&rsquo;h\u00e9sitez pas \u00e0 communiquer avec nos conseillers afin de recevoir l&rsquo;information souhait\u00e9e.<\/span><\/div>\n<div><\/div>\n<div><span style=\"color: #404040; font-size: medium;\">Dans chacune de nos unit\u00e9s un chef-d\u00e9l\u00e9gu\u00e9 est form\u00e9 pour r\u00e9pondre aux besoins de ses consoeurs ou confr\u00e8res de travail. Il ou elle est accompagn\u00e9 de d\u00e9l\u00e9gu\u00e9(e)s pour l&rsquo;aider dans ses fonctions syndicales et assurer un service de qualit\u00e9 \u00e0 chaque membre.<\/span><\/div>\n<div><\/div>\n<div><span style=\"color: #404040; font-size: medium;\">Merci de la confiance que vous nous accordez.<\/span><\/div>\n<div><\/div>\n<div><span style=\"color: #404040; font-size: medium;\">L&rsquo;ex\u00e9cutif de la section locale 922<\/span><\/div>\n<div><\/div>\n","protected":false},"excerpt":{"rendered":"<p>Sant\u00e9 et s\u00e9curit\u00e9, formation, comit\u00e9 des jeunes, conventions collectives et plus&#8230; La section locale 922 du Syndicat des Machinistes offre \u00e0 tous ses membres une gamme compl\u00e8te et professionnelle de services syndicaux et sociaux. Nous sommes \u00e0 l&rsquo;\u00e9coute des besoins de nos membres et de la communaut\u00e9. N&rsquo;h\u00e9sitez pas \u00e0 communiquer avec nos conseillers afin &hellip; <\/p>\n<p><a class=\"more-link btn\" href=\"http:\/\/aimta922.ca\/?page_id=231\">Continue reading<\/a><\/p>\n","protected":false},"author":2,"featured_media":0,"parent":0,"menu_order":0,"comment_status":"closed","ping_status":"closed","template":"","meta":[],"_links":{"self":[{"href":"http:\/\/aimta922.ca\/index.php?rest_route=\/wp\/v2\/pages\/231"}],"collection":[{"href":"http:\/\/aimta922.ca\/index.php?rest_route=\/wp\/v2\/pages"}],"about":[{"href":"http:\/\/aimta922.ca\/index.php?rest_route=\/wp\/v2\/types\/page"}],"author":[{"embeddable":true,"href":"http:\/\/aimta922.ca\/index.php?rest_route=\/wp\/v2\/users\/2"}],"replies":[{"embeddable":true,"href":"http:\/\/aimta922.ca\/index.php?rest_route=%2Fwp%2Fv2%2Fcomments&post=231"}],"version-history":[{"count":3,"href":"http:\/\/aimta922.ca\/index.php?rest_route=\/wp\/v2\/pages\/231\/revisions"}],"predecessor-version":[{"id":3008,"href":"http:\/\/aimta922.ca\/index.php?rest_route=\/wp\/v2\/pages\/231\/revisions\/3008"}],"wp:attachment":[{"href":"http:\/\/aimta922.ca\/index.php?rest_route=%2Fwp%2Fv2%2Fmedia&parent=231"}],"curies":[{"name":"wp","href":"https:\/\/api.w.org\/{rel}","templated":true}]}}