{"id":2871,"date":"2018-06-29T11:49:41","date_gmt":"2018-06-29T15:49:41","guid":{"rendered":"https:\/\/aimta922.ca\/?page_id=2871"},"modified":"2022-10-20T09:48:32","modified_gmt":"2022-10-20T13:48:32","slug":"contactez-nous","status":"publish","type":"page","link":"http:\/\/aimta922.ca\/?page_id=2871","title":{"rendered":"Contactez-nous"},"content":{"rendered":"<p><img loading=\"lazy\" class=\"alignnone  wp-image-2951\" src=\"https:\/\/aimta922.ca\/wp-content\/uploads\/2018\/07\/IAM_Union_Future_f-300x187.png\" alt=\"\" width=\"237\" height=\"148\" srcset=\"http:\/\/aimta922.ca\/wp-content\/uploads\/2018\/07\/IAM_Union_Future_f-300x187.png 300w, http:\/\/aimta922.ca\/wp-content\/uploads\/2018\/07\/IAM_Union_Future_f-768x479.png 768w, http:\/\/aimta922.ca\/wp-content\/uploads\/2018\/07\/IAM_Union_Future_f.png 883w\" sizes=\"(max-width: 237px) 100vw, 237px\" \/><\/p>\n<p><strong>Syndicat des Machinistes, section locale 922<\/strong><\/p>\n<p><strong>187, rue Laurier, Sherbrooke, (Qu\u00e9bec), bureau # 315, J1H 4Z4<\/strong><\/p>\n<p><strong>819-822-3103<\/strong><\/p>\n<p><strong>Courriel: <a href=\"mailto:aim.local922@gmail.com\">aim.local922@gmail.com<\/a>\u00a0<\/strong><\/p>\n<p><em><strong>Tous les appels ou courriels sont trait\u00e9 de fa\u00e7on s\u00e9curitaire et confidentiel.<\/strong><\/em><\/p>\n<p>Nous sommes un organisme \u00e0 but non lucratif et notre seul d\u00e9sir est d&rsquo;aider les travailleurs et travailleuses \u00e0 obtenir \u00e9galit\u00e9, justice et reconnaissance dans leur milieux de travail.<\/p>\n\n\n<p><\/p>\n","protected":false},"excerpt":{"rendered":"<p>Syndicat des Machinistes, section locale 922 187, rue Laurier, Sherbrooke, (Qu\u00e9bec), bureau # 315, J1H 4Z4 819-822-3103 Courriel: aim.local922@gmail.com\u00a0 Tous les appels ou courriels sont trait\u00e9 de fa\u00e7on s\u00e9curitaire et confidentiel. Nous sommes un organisme \u00e0 but non lucratif et notre seul d\u00e9sir est d&rsquo;aider les travailleurs et travailleuses \u00e0 obtenir \u00e9galit\u00e9, justice et reconnaissance &hellip; <\/p>\n<p><a class=\"more-link btn\" href=\"http:\/\/aimta922.ca\/?page_id=2871\">Continue reading<\/a><\/p>\n","protected":false},"author":2,"featured_media":0,"parent":0,"menu_order":0,"comment_status":"closed","ping_status":"closed","template":"","meta":[],"_links":{"self":[{"href":"http:\/\/aimta922.ca\/index.php?rest_route=\/wp\/v2\/pages\/2871"}],"collection":[{"href":"http:\/\/aimta922.ca\/index.php?rest_route=\/wp\/v2\/pages"}],"about":[{"href":"http:\/\/aimta922.ca\/index.php?rest_route=\/wp\/v2\/types\/page"}],"author":[{"embeddable":true,"href":"http:\/\/aimta922.ca\/index.php?rest_route=\/wp\/v2\/users\/2"}],"replies":[{"embeddable":true,"href":"http:\/\/aimta922.ca\/index.php?rest_route=%2Fwp%2Fv2%2Fcomments&post=2871"}],"version-history":[{"count":7,"href":"http:\/\/aimta922.ca\/index.php?rest_route=\/wp\/v2\/pages\/2871\/revisions"}],"predecessor-version":[{"id":3287,"href":"http:\/\/aimta922.ca\/index.php?rest_route=\/wp\/v2\/pages\/2871\/revisions\/3287"}],"wp:attachment":[{"href":"http:\/\/aimta922.ca\/index.php?rest_route=%2Fwp%2Fv2%2Fmedia&parent=2871"}],"curies":[{"name":"wp","href":"https:\/\/api.w.org\/{rel}","templated":true}]}}